{"id":120,"date":"2023-07-11T07:58:00","date_gmt":"2023-07-11T05:58:00","guid":{"rendered":"https:\/\/belhaco.maintenance.madare.dev\/brochures\/"},"modified":"2025-02-24T12:17:23","modified_gmt":"2025-02-24T11:17:23","slug":"brochures","status":"publish","type":"page","link":"https:\/\/belhaco.maintenance.madare.dev\/en\/brochures\/","title":{"rendered":"Brochures"},"content":{"rendered":"<div data-elementor-type=\"wp-page\" data-elementor-id=\"120\" class=\"elementor elementor-120\" data-elementor-post-type=\"page\">\n\t\t\t\t<div class=\"elementor-element elementor-element-47cf45b e-con-full e-flex e-con e-parent\" data-id=\"47cf45b\" data-element_type=\"container\" data-settings=\"{&quot;background_background&quot;:&quot;classic&quot;}\">\n\t\t<div class=\"elementor-element elementor-element-06acc42 e-flex e-con-boxed e-con e-child\" data-id=\"06acc42\" data-element_type=\"container\">\n\t\t\t\t\t<div class=\"e-con-inner\">\n\t\t\t\t<div class=\"elementor-element elementor-element-f6ed3fc elementor-widget elementor-widget-heading\" data-id=\"f6ed3fc\" data-element_type=\"widget\" data-widget_type=\"heading.default\">\n\t\t\t\t<div class=\"elementor-widget-container\">\n\t\t\t\t\t<h1 class=\"elementor-heading-title elementor-size-default\">Brochures<\/h1>\t\t\t\t<\/div>\n\t\t\t\t<\/div>\n\t\t\t\t<div class=\"elementor-element elementor-element-fba67d9 elementor-view-default elementor-widget elementor-widget-icon\" data-id=\"fba67d9\" data-element_type=\"widget\" data-widget_type=\"icon.default\">\n\t\t\t\t<div class=\"elementor-widget-container\">\n\t\t\t\t\t\t\t<div class=\"elementor-icon-wrapper\">\n\t\t\t<div class=\"elementor-icon\">\n\t\t\t<svg xmlns=\"http:\/\/www.w3.org\/2000\/svg\" width=\"4721\" height=\"1024\" viewbox=\"0 0 4721 1024\"><title><\/title><g id=\"icomoon-ignore\"><\/g><path d=\"M4719.542 686.137c-14.578-16.391-29.63-30.797-45.731-43.933l-0.218-0.176c-122.573-60.482-570.066-175.569-966.051-221.99-367.583-47.829-787.155-60.53-1213.579-30.621-77.228 5.417-154.039 12.186-230.41 20.283l11.070-1.091c-681.528 68.27-1275.654 115.060-1579.65 85.212-377.404-36.852-611.317-125.343-675.959-162.385l-7.504 2.445c141.201 115.371 309.437 199.358 492.55 241.439l8.695 1.64c377.96 99.496 793.208 119.621 1398.815 54.117 647.481-70.36 1808.145-238.118 2823.135 70.626z\"><\/path><\/svg>\t\t\t<\/div>\n\t\t<\/div>\n\t\t\t\t\t\t<\/div>\n\t\t\t\t<\/div>\n\t\t\t\t\t<\/div>\n\t\t\t\t<\/div>\n\t\t\t\t<\/div>\n\t\t<div class=\"elementor-element elementor-element-fc9aed1 e-con-full e-flex e-con e-parent\" data-id=\"fc9aed1\" data-element_type=\"container\">\n\t\t<div class=\"elementor-element elementor-element-bbe9c76 e-con-full e-flex e-con e-child\" data-id=\"bbe9c76\" data-element_type=\"container\" data-settings=\"{&quot;background_background&quot;:&quot;classic&quot;}\">\n\t\t\t\t<div class=\"elementor-element elementor-element-2b6d8c8 elementor-widget elementor-widget-image\" data-id=\"2b6d8c8\" data-element_type=\"widget\" data-widget_type=\"image.default\">\n\t\t\t\t<div class=\"elementor-widget-container\">\n\t\t\t\t\t\t\t\t\t\t\t\t\t\t\t<img fetchpriority=\"high\" decoding=\"async\" width=\"4908\" height=\"2812\" src=\"https:\/\/belhaco.maintenance.madare.dev\/wp-content\/uploads\/2023\/07\/visu_biarritz_slider.png\" class=\"attachment-full size-full wp-image-2059\" alt=\"\" srcset=\"https:\/\/belhaco.maintenance.madare.dev\/wp-content\/uploads\/2023\/07\/visu_biarritz_slider.png 4908w, https:\/\/belhaco.maintenance.madare.dev\/wp-content\/uploads\/2023\/07\/visu_biarritz_slider-300x172.png 300w, https:\/\/belhaco.maintenance.madare.dev\/wp-content\/uploads\/2023\/07\/visu_biarritz_slider-1024x587.png 1024w, https:\/\/belhaco.maintenance.madare.dev\/wp-content\/uploads\/2023\/07\/visu_biarritz_slider-768x440.png 768w, https:\/\/belhaco.maintenance.madare.dev\/wp-content\/uploads\/2023\/07\/visu_biarritz_slider-1536x880.png 1536w, https:\/\/belhaco.maintenance.madare.dev\/wp-content\/uploads\/2023\/07\/visu_biarritz_slider-2048x1173.png 2048w, https:\/\/belhaco.maintenance.madare.dev\/wp-content\/uploads\/2023\/07\/visu_biarritz_slider-18x10.png 18w\" sizes=\"(max-width: 4908px) 100vw, 4908px\">\t\t\t\t\t\t\t\t\t\t\t\t\t\t\t<\/div>\n\t\t\t\t<\/div>\n\t\t\t\t<\/div>\n\t\t<div class=\"elementor-element elementor-element-6308927 e-con-full e-flex e-con e-child\" data-id=\"6308927\" data-element_type=\"container\" data-settings=\"{&quot;background_background&quot;:&quot;classic&quot;}\">\n\t\t\t\t<div class=\"elementor-element elementor-element-7c85ff4 elementor-widget elementor-widget-heading\" data-id=\"7c85ff4\" data-element_type=\"widget\" data-widget_type=\"heading.default\">\n\t\t\t\t<div class=\"elementor-widget-container\">\n\t\t\t\t\t<h2 class=\"elementor-heading-title elementor-size-default\">Destination Biarritz<\/h2>\t\t\t\t<\/div>\n\t\t\t\t<\/div>\n\t\t\t\t<div class=\"elementor-element elementor-element-59a10b4 elementor-widget elementor-widget-text-editor\" data-id=\"59a10b4\" data-element_type=\"widget\" data-widget_type=\"text-editor.default\">\n\t\t\t\t<div class=\"elementor-widget-container\">\n\t\t\t\t\t\t\t\t\t<p>Discover our establishment for a successful stay in Biarritz.<\/p>\t\t\t\t\t\t\t\t<\/div>\n\t\t\t\t<\/div>\n\t\t<div class=\"elementor-element elementor-element-8330e65 e-flex e-con-boxed e-con e-child\" data-id=\"8330e65\" data-element_type=\"container\">\n\t\t\t\t\t<div class=\"e-con-inner\">\n\t\t\t\t<div class=\"elementor-element elementor-element-ca723c1 elementor-widget__width-auto elementor-widget elementor-widget-button\" data-id=\"ca723c1\" data-element_type=\"widget\" data-widget_type=\"button.default\">\n\t\t\t\t<div class=\"elementor-widget-container\">\n\t\t\t\t\t\t\t\t\t<div class=\"elementor-button-wrapper\">\n\t\t\t\t\t<a class=\"elementor-button elementor-button-link elementor-size-sm\" href=\"https:\/\/www.hotel-le-biarritz.com\/\" target=\"_blank\" rel=\"nofollow noopener\">\n\t\t\t\t\t\t<span class=\"elementor-button-content-wrapper\">\n\t\t\t\t\t\t\t\t\t<span class=\"elementor-button-text\">Discover our website<\/span>\n\t\t\t\t\t<\/span>\n\t\t\t\t\t<\/a>\n\t\t\t\t<\/div>\n\t\t\t\t\t\t\t\t<\/div>\n\t\t\t\t<\/div>\n\t\t\t\t\t<\/div>\n\t\t\t\t<\/div>\n\t\t\t\t<\/div>\n\t\t\t\t<\/div>\n\t\t<div class=\"elementor-element elementor-element-990b78f e-con-full e-flex e-con e-parent\" data-id=\"990b78f\" data-element_type=\"container\">\n\t\t<div class=\"elementor-element elementor-element-0eb33e1 e-con-full e-flex e-con e-child\" data-id=\"0eb33e1\" data-element_type=\"container\" data-settings=\"{&quot;background_background&quot;:&quot;classic&quot;}\">\n\t\t\t\t<div class=\"elementor-element elementor-element-d6c3a7f elementor-widget elementor-widget-heading\" data-id=\"d6c3a7f\" data-element_type=\"widget\" data-widget_type=\"heading.default\">\n\t\t\t\t<div class=\"elementor-widget-container\">\n\t\t\t\t\t<h2 class=\"elementor-heading-title elementor-size-default\">Destination anglet<\/h2>\t\t\t\t<\/div>\n\t\t\t\t<\/div>\n\t\t\t\t<div class=\"elementor-element elementor-element-cf7a377 elementor-widget elementor-widget-text-editor\" data-id=\"cf7a377\" data-element_type=\"widget\" data-widget_type=\"text-editor.default\">\n\t\t\t\t<div class=\"elementor-widget-container\">\n\t\t\t\t\t\t\t\t\t<p>Atlanthal or Les Terrasses? Our establishments in Anglet are waiting to welcome you.<\/p>\t\t\t\t\t\t\t\t<\/div>\n\t\t\t\t<\/div>\n\t\t<div class=\"elementor-element elementor-element-9f8447d e-flex e-con-boxed e-con e-child\" data-id=\"9f8447d\" data-element_type=\"container\">\n\t\t\t\t\t<div class=\"e-con-inner\">\n\t\t\t\t<div class=\"elementor-element elementor-element-47783ba elementor-widget__width-auto elementor-widget elementor-widget-button\" data-id=\"47783ba\" data-element_type=\"widget\" data-widget_type=\"button.default\">\n\t\t\t\t<div class=\"elementor-widget-container\">\n\t\t\t\t\t\t\t\t\t<div class=\"elementor-button-wrapper\">\n\t\t\t\t\t<a class=\"elementor-button elementor-button-link elementor-size-sm\" href=\"https:\/\/belhaco.maintenance.madare.dev\/wp-content\/uploads\/2024\/01\/BROCHURE-ANGLET_2025_ATLANTHAL_LES-TERRASSES.pdf\" target=\"_blank\">\n\t\t\t\t\t\t<span class=\"elementor-button-content-wrapper\">\n\t\t\t\t\t\t\t\t\t<span class=\"elementor-button-text\">ANGLET with accomodation 2025<\/span>\n\t\t\t\t\t<\/span>\n\t\t\t\t\t<\/a>\n\t\t\t\t<\/div>\n\t\t\t\t\t\t\t\t<\/div>\n\t\t\t\t<\/div>\n\t\t\t\t<div class=\"elementor-element elementor-element-e09594c elementor-widget__width-auto elementor-widget elementor-widget-button\" data-id=\"e09594c\" data-element_type=\"widget\" data-widget_type=\"button.default\">\n\t\t\t\t<div class=\"elementor-widget-container\">\n\t\t\t\t\t\t\t\t\t<div class=\"elementor-button-wrapper\">\n\t\t\t\t\t<a class=\"elementor-button elementor-button-link elementor-size-sm\" href=\"https:\/\/belhaco.maintenance.madare.dev\/wp-content\/uploads\/2024\/03\/ATLANTHAL_BROCHURE-EXTERNE_2025.pdf\" target=\"_blank\">\n\t\t\t\t\t\t<span class=\"elementor-button-content-wrapper\">\n\t\t\t\t\t\t\t\t\t<span class=\"elementor-button-text\">Atlanthal treatment menu 2025<\/span>\n\t\t\t\t\t<\/span>\n\t\t\t\t\t<\/a>\n\t\t\t\t<\/div>\n\t\t\t\t\t\t\t\t<\/div>\n\t\t\t\t<\/div>\n\t\t\t\t\t<\/div>\n\t\t\t\t<\/div>\n\t\t\t\t<\/div>\n\t\t<div class=\"elementor-element elementor-element-4ccc688 e-con-full e-flex e-con e-child\" data-id=\"4ccc688\" data-element_type=\"container\" data-settings=\"{&quot;background_background&quot;:&quot;classic&quot;}\">\n\t\t\t\t<div class=\"elementor-element elementor-element-4fd0d94 elementor-widget elementor-widget-image\" data-id=\"4fd0d94\" data-element_type=\"widget\" data-widget_type=\"image.default\">\n\t\t\t\t<div class=\"elementor-widget-container\">\n\t\t\t\t\t\t\t\t\t\t\t\t\t\t\t<img decoding=\"async\" width=\"1620\" height=\"1080\" src=\"https:\/\/belhaco.maintenance.madare.dev\/wp-content\/uploads\/2023\/09\/divers-eliophot-arsandaux-16.jpg\" class=\"attachment-full size-full wp-image-3665\" alt=\"\" srcset=\"https:\/\/belhaco.maintenance.madare.dev\/wp-content\/uploads\/2023\/09\/divers-eliophot-arsandaux-16.jpg 1620w, https:\/\/belhaco.maintenance.madare.dev\/wp-content\/uploads\/2023\/09\/divers-eliophot-arsandaux-16-300x200.jpg 300w, https:\/\/belhaco.maintenance.madare.dev\/wp-content\/uploads\/2023\/09\/divers-eliophot-arsandaux-16-1024x683.jpg 1024w, https:\/\/belhaco.maintenance.madare.dev\/wp-content\/uploads\/2023\/09\/divers-eliophot-arsandaux-16-768x512.jpg 768w, https:\/\/belhaco.maintenance.madare.dev\/wp-content\/uploads\/2023\/09\/divers-eliophot-arsandaux-16-1536x1024.jpg 1536w, https:\/\/belhaco.maintenance.madare.dev\/wp-content\/uploads\/2023\/09\/divers-eliophot-arsandaux-16-18x12.jpg 18w\" sizes=\"(max-width: 1620px) 100vw, 1620px\">\t\t\t\t\t\t\t\t\t\t\t\t\t\t\t<\/div>\n\t\t\t\t<\/div>\n\t\t\t\t<\/div>\n\t\t\t\t<\/div>\n\t\t<div class=\"elementor-element elementor-element-caee0f8 e-con-full e-flex e-con e-parent\" data-id=\"caee0f8\" data-element_type=\"container\">\n\t\t<div class=\"elementor-element elementor-element-a7fcfb6 e-con-full e-flex e-con e-child\" data-id=\"a7fcfb6\" data-element_type=\"container\" data-settings=\"{&quot;background_background&quot;:&quot;classic&quot;}\">\n\t\t\t\t<div class=\"elementor-element elementor-element-977ad6b elementor-widget elementor-widget-image\" data-id=\"977ad6b\" data-element_type=\"widget\" data-widget_type=\"image.default\">\n\t\t\t\t<div class=\"elementor-widget-container\">\n\t\t\t\t\t\t\t\t\t\t\t\t\t\t\t<img decoding=\"async\" width=\"1602\" height=\"1200\" src=\"https:\/\/belhaco.maintenance.madare.dev\/wp-content\/uploads\/2023\/09\/bayonne.jpg\" class=\"attachment-full size-full wp-image-3664\" alt=\"\" srcset=\"https:\/\/belhaco.maintenance.madare.dev\/wp-content\/uploads\/2023\/09\/bayonne.jpg 1602w, https:\/\/belhaco.maintenance.madare.dev\/wp-content\/uploads\/2023\/09\/bayonne-300x225.jpg 300w, https:\/\/belhaco.maintenance.madare.dev\/wp-content\/uploads\/2023\/09\/bayonne-1024x767.jpg 1024w, https:\/\/belhaco.maintenance.madare.dev\/wp-content\/uploads\/2023\/09\/bayonne-768x575.jpg 768w, https:\/\/belhaco.maintenance.madare.dev\/wp-content\/uploads\/2023\/09\/bayonne-1536x1151.jpg 1536w, https:\/\/belhaco.maintenance.madare.dev\/wp-content\/uploads\/2023\/09\/bayonne-16x12.jpg 16w\" sizes=\"(max-width: 1602px) 100vw, 1602px\">\t\t\t\t\t\t\t\t\t\t\t\t\t\t\t<\/div>\n\t\t\t\t<\/div>\n\t\t\t\t<\/div>\n\t\t<div class=\"elementor-element elementor-element-793832b e-con-full e-flex e-con e-child\" data-id=\"793832b\" data-element_type=\"container\" data-settings=\"{&quot;background_background&quot;:&quot;classic&quot;}\">\n\t\t\t\t<div class=\"elementor-element elementor-element-8de8436 elementor-widget elementor-widget-heading\" data-id=\"8de8436\" data-element_type=\"widget\" data-widget_type=\"heading.default\">\n\t\t\t\t<div class=\"elementor-widget-container\">\n\t\t\t\t\t<h2 class=\"elementor-heading-title elementor-size-default\">Destination bayonne<\/h2>\t\t\t\t<\/div>\n\t\t\t\t<\/div>\n\t\t\t\t<div class=\"elementor-element elementor-element-d98e8fd elementor-widget elementor-widget-text-editor\" data-id=\"d98e8fd\" data-element_type=\"widget\" data-widget_type=\"text-editor.default\">\n\t\t\t\t<div class=\"elementor-widget-container\">\n\t\t\t\t\t\t\t\t\t<p>Whether for business or pleasure, our hotel in Bayonne is ready to welcome you.\u00a0\u00a0<\/p>\t\t\t\t\t\t\t\t<\/div>\n\t\t\t\t<\/div>\n\t\t<div class=\"elementor-element elementor-element-bbffc4b e-flex e-con-boxed e-con e-child\" data-id=\"bbffc4b\" data-element_type=\"container\">\n\t\t\t\t\t<div class=\"e-con-inner\">\n\t\t\t\t<div class=\"elementor-element elementor-element-a967511 elementor-widget__width-auto elementor-widget elementor-widget-button\" data-id=\"a967511\" data-element_type=\"widget\" data-widget_type=\"button.default\">\n\t\t\t\t<div class=\"elementor-widget-container\">\n\t\t\t\t\t\t\t\t\t<div class=\"elementor-button-wrapper\">\n\t\t\t\t\t<a class=\"elementor-button elementor-button-link elementor-size-sm\" href=\"https:\/\/belhaco.maintenance.madare.dev\/wp-content\/uploads\/2024\/04\/BTR-\u2022-LE-BAYONNE-\u2022-3-VOLETS-A4-\u2022-2024-BD.pdf\" target=\"_blank\">\n\t\t\t\t\t\t<span class=\"elementor-button-content-wrapper\">\n\t\t\t\t\t\t\t\t\t<span class=\"elementor-button-text\">LE BAYONNE hotel brochure<\/span>\n\t\t\t\t\t<\/span>\n\t\t\t\t\t<\/a>\n\t\t\t\t<\/div>\n\t\t\t\t\t\t\t\t<\/div>\n\t\t\t\t<\/div>\n\t\t\t\t\t<\/div>\n\t\t\t\t<\/div>\n\t\t\t\t<\/div>\n\t\t\t\t<\/div>\n\t\t<div class=\"elementor-element elementor-element-efc28d8 e-flex e-con-boxed e-con e-parent\" data-id=\"efc28d8\" data-element_type=\"container\">\n\t\t\t\t\t<div class=\"e-con-inner\">\n\t\t<div class=\"elementor-element elementor-element-e6f58e3 e-con-full e-flex e-con e-child\" data-id=\"e6f58e3\" data-element_type=\"container\">\n\t\t\t\t<div class=\"elementor-element elementor-element-36ce71e elementor-widget elementor-widget-heading\" data-id=\"36ce71e\" data-element_type=\"widget\" data-widget_type=\"heading.default\">\n\t\t\t\t<div class=\"elementor-widget-container\">\n\t\t\t\t\t<h2 class=\"elementor-heading-title elementor-size-default\">see also<\/h2>\t\t\t\t<\/div>\n\t\t\t\t<\/div>\n\t\t\t\t<div class=\"elementor-element elementor-element-6c2ff40 elementor-view-default elementor-widget elementor-widget-icon\" data-id=\"6c2ff40\" data-element_type=\"widget\" data-widget_type=\"icon.default\">\n\t\t\t\t<div class=\"elementor-widget-container\">\n\t\t\t\t\t\t\t<div class=\"elementor-icon-wrapper\">\n\t\t\t<div class=\"elementor-icon\">\n\t\t\t<svg xmlns=\"http:\/\/www.w3.org\/2000\/svg\" width=\"4721\" height=\"1024\" viewbox=\"0 0 4721 1024\"><title><\/title><g id=\"icomoon-ignore\"><\/g><path d=\"M4719.542 686.137c-14.578-16.391-29.63-30.797-45.731-43.933l-0.218-0.176c-122.573-60.482-570.066-175.569-966.051-221.99-367.583-47.829-787.155-60.53-1213.579-30.621-77.228 5.417-154.039 12.186-230.41 20.283l11.070-1.091c-681.528 68.27-1275.654 115.060-1579.65 85.212-377.404-36.852-611.317-125.343-675.959-162.385l-7.504 2.445c141.201 115.371 309.437 199.358 492.55 241.439l8.695 1.64c377.96 99.496 793.208 119.621 1398.815 54.117 647.481-70.36 1808.145-238.118 2823.135 70.626z\"><\/path><\/svg>\t\t\t<\/div>\n\t\t<\/div>\n\t\t\t\t\t\t<\/div>\n\t\t\t\t<\/div>\n\t\t\t\t<\/div>\n\t\t<div class=\"elementor-element elementor-element-2a3d034 e-con-full e-flex e-con e-child\" data-id=\"2a3d034\" data-element_type=\"container\">\n\t\t\t\t<div class=\"elementor-element elementor-element-c250534 elementor-widget elementor-widget-image\" data-id=\"c250534\" data-element_type=\"widget\" data-widget_type=\"image.default\">\n\t\t\t\t<div class=\"elementor-widget-container\">\n\t\t\t\t\t\t\t\t\t\t\t\t\t\t\t<img loading=\"lazy\" decoding=\"async\" width=\"800\" height=\"404\" src=\"https:\/\/belhaco.maintenance.madare.dev\/wp-content\/uploads\/2023\/07\/seminaire2-1024x517.jpg\" class=\"attachment-large size-large wp-image-582\" alt=\"\" srcset=\"https:\/\/belhaco.maintenance.madare.dev\/wp-content\/uploads\/2023\/07\/seminaire2-1024x517.jpg 1024w, https:\/\/belhaco.maintenance.madare.dev\/wp-content\/uploads\/2023\/07\/seminaire2-300x152.jpg 300w, https:\/\/belhaco.maintenance.madare.dev\/wp-content\/uploads\/2023\/07\/seminaire2-768x388.jpg 768w, https:\/\/belhaco.maintenance.madare.dev\/wp-content\/uploads\/2023\/07\/seminaire2-1536x776.jpg 1536w, https:\/\/belhaco.maintenance.madare.dev\/wp-content\/uploads\/2023\/07\/seminaire2-18x9.jpg 18w, https:\/\/belhaco.maintenance.madare.dev\/wp-content\/uploads\/2023\/07\/seminaire2.jpg 1920w\" sizes=\"(max-width: 800px) 100vw, 800px\">\t\t\t\t\t\t\t\t\t\t\t\t\t\t\t<\/div>\n\t\t\t\t<\/div>\n\t\t\t\t<div class=\"elementor-element elementor-element-f7ad572 elementor-widget elementor-widget-spacer\" data-id=\"f7ad572\" data-element_type=\"widget\" data-widget_type=\"spacer.default\">\n\t\t\t\t<div class=\"elementor-widget-container\">\n\t\t\t\t\t\t\t<div class=\"elementor-spacer\">\n\t\t\t<div class=\"elementor-spacer-inner\"><\/div>\n\t\t<\/div>\n\t\t\t\t\t\t<\/div>\n\t\t\t\t<\/div>\n\t\t<div class=\"elementor-element elementor-element-5ecb075 e-con-full e-flex e-con e-child\" data-id=\"5ecb075\" data-element_type=\"container\" data-settings=\"{&quot;background_background&quot;:&quot;classic&quot;}\">\n\t\t\t\t<div class=\"elementor-element elementor-element-93373e4 elementor-widget elementor-widget-heading\" data-id=\"93373e4\" data-element_type=\"widget\" data-widget_type=\"heading.default\">\n\t\t\t\t<div class=\"elementor-widget-container\">\n\t\t\t\t\t<h2 class=\"elementor-heading-title elementor-size-default\">Seminars &amp; events<\/h2>\t\t\t\t<\/div>\n\t\t\t\t<\/div>\n\t\t\t\t<div class=\"elementor-element elementor-element-e4418cc elementor-widget-divider--view-line elementor-widget elementor-widget-divider\" data-id=\"e4418cc\" data-element_type=\"widget\" data-widget_type=\"divider.default\">\n\t\t\t\t<div class=\"elementor-widget-container\">\n\t\t\t\t\t\t\t<div class=\"elementor-divider\">\n\t\t\t<span class=\"elementor-divider-separator\">\n\t\t\t\t\t\t<\/span>\n\t\t<\/div>\n\t\t\t\t\t\t<\/div>\n\t\t\t\t<\/div>\n\t\t\t\t<div class=\"elementor-element elementor-element-f2b87ea elementor-widget elementor-widget-text-editor\" data-id=\"f2b87ea\" data-element_type=\"widget\" data-widget_type=\"text-editor.default\">\n\t\t\t\t<div class=\"elementor-widget-container\">\n\t\t\t\t\t\t\t\t\t<p>Organise your business event in the fresh air. Take advantage of the proximity of our establishments to the ocean to make your seminar a memorable moment your employees will never forget.<\/p>\t\t\t\t\t\t\t\t<\/div>\n\t\t\t\t<\/div>\n\t\t\t\t<div class=\"elementor-element elementor-element-73bcea9 elementor-align-center elementor-widget elementor-widget-button\" data-id=\"73bcea9\" data-element_type=\"widget\" data-widget_type=\"button.default\">\n\t\t\t\t<div class=\"elementor-widget-container\">\n\t\t\t\t\t\t\t\t\t<div class=\"elementor-button-wrapper\">\n\t\t\t\t\t<a class=\"elementor-button elementor-button-link elementor-size-sm\" href=\"https:\/\/belhaco.maintenance.madare.dev\/en\/seminars-and-events-biarritz\/\">\n\t\t\t\t\t\t<span class=\"elementor-button-content-wrapper\">\n\t\t\t\t\t\t\t\t\t<span class=\"elementor-button-text\">Discover<\/span>\n\t\t\t\t\t<\/span>\n\t\t\t\t\t<\/a>\n\t\t\t\t<\/div>\n\t\t\t\t\t\t\t\t<\/div>\n\t\t\t\t<\/div>\n\t\t\t\t<\/div>\n\t\t\t\t<\/div>\n\t\t<div class=\"elementor-element elementor-element-47e8990 e-con-full e-flex e-con e-child\" data-id=\"47e8990\" data-element_type=\"container\">\n\t\t\t\t<div class=\"elementor-element elementor-element-1a0d4da elementor-widget elementor-widget-image\" data-id=\"1a0d4da\" data-element_type=\"widget\" data-widget_type=\"image.default\">\n\t\t\t\t<div class=\"elementor-widget-container\">\n\t\t\t\t\t\t\t\t\t\t\t\t\t\t\t<img loading=\"lazy\" decoding=\"async\" width=\"751\" height=\"500\" src=\"https:\/\/belhaco.maintenance.madare.dev\/wp-content\/uploads\/2023\/07\/etablissements.png\" class=\"attachment-large size-large wp-image-1637\" alt=\"\" srcset=\"https:\/\/belhaco.maintenance.madare.dev\/wp-content\/uploads\/2023\/07\/etablissements.png 751w, https:\/\/belhaco.maintenance.madare.dev\/wp-content\/uploads\/2023\/07\/etablissements-300x200.png 300w, https:\/\/belhaco.maintenance.madare.dev\/wp-content\/uploads\/2023\/07\/etablissements-18x12.png 18w\" sizes=\"(max-width: 751px) 100vw, 751px\">\t\t\t\t\t\t\t\t\t\t\t\t\t\t\t<\/div>\n\t\t\t\t<\/div>\n\t\t\t\t<div class=\"elementor-element elementor-element-581f0bd elementor-widget elementor-widget-spacer\" data-id=\"581f0bd\" data-element_type=\"widget\" data-widget_type=\"spacer.default\">\n\t\t\t\t<div class=\"elementor-widget-container\">\n\t\t\t\t\t\t\t<div class=\"elementor-spacer\">\n\t\t\t<div class=\"elementor-spacer-inner\"><\/div>\n\t\t<\/div>\n\t\t\t\t\t\t<\/div>\n\t\t\t\t<\/div>\n\t\t<div class=\"elementor-element elementor-element-07f61a6 e-con-full e-flex e-con e-child\" data-id=\"07f61a6\" data-element_type=\"container\" data-settings=\"{&quot;background_background&quot;:&quot;classic&quot;}\">\n\t\t\t\t<div class=\"elementor-element elementor-element-d0fb15e elementor-widget elementor-widget-heading\" data-id=\"d0fb15e\" data-element_type=\"widget\" data-widget_type=\"heading.default\">\n\t\t\t\t<div class=\"elementor-widget-container\">\n\t\t\t\t\t<h2 class=\"elementor-heading-title elementor-size-default\">Our establishments<\/h2>\t\t\t\t<\/div>\n\t\t\t\t<\/div>\n\t\t\t\t<div class=\"elementor-element elementor-element-fb5d78c elementor-widget-divider--view-line elementor-widget elementor-widget-divider\" data-id=\"fb5d78c\" data-element_type=\"widget\" data-widget_type=\"divider.default\">\n\t\t\t\t<div class=\"elementor-widget-container\">\n\t\t\t\t\t\t\t<div class=\"elementor-divider\">\n\t\t\t<span class=\"elementor-divider-separator\">\n\t\t\t\t\t\t<\/span>\n\t\t<\/div>\n\t\t\t\t\t\t<\/div>\n\t\t\t\t<\/div>\n\t\t\t\t<div class=\"elementor-element elementor-element-2dbb1fd elementor-widget elementor-widget-text-editor\" data-id=\"2dbb1fd\" data-element_type=\"widget\" data-widget_type=\"text-editor.default\">\n\t\t\t\t<div class=\"elementor-widget-container\">\n\t\t\t\t\t\t\t\t\t<p>Discover our hotels and thalassotherapy centres on the Basque Coast. From Saint-Jean-de-Luz to Anglet, our hotels and thalassotherapy centres are waiting to offer you a unique experience.<\/p>\t\t\t\t\t\t\t\t<\/div>\n\t\t\t\t<\/div>\n\t\t\t\t<div class=\"elementor-element elementor-element-e640b4b elementor-align-center elementor-widget elementor-widget-button\" data-id=\"e640b4b\" data-element_type=\"widget\" data-widget_type=\"button.default\">\n\t\t\t\t<div class=\"elementor-widget-container\">\n\t\t\t\t\t\t\t\t\t<div class=\"elementor-button-wrapper\">\n\t\t\t\t\t<a class=\"elementor-button elementor-button-link elementor-size-sm\" href=\"https:\/\/belhaco.maintenance.madare.dev\/en\/our-establishments-basque-country-hotel\/\">\n\t\t\t\t\t\t<span class=\"elementor-button-content-wrapper\">\n\t\t\t\t\t\t\t\t\t<span class=\"elementor-button-text\">Discover<\/span>\n\t\t\t\t\t<\/span>\n\t\t\t\t\t<\/a>\n\t\t\t\t<\/div>\n\t\t\t\t\t\t\t\t<\/div>\n\t\t\t\t<\/div>\n\t\t\t\t<\/div>\n\t\t\t\t<\/div>\n\t\t\t\t\t<\/div>\n\t\t\t\t<\/div>\n\t\t\t\t<\/div>","protected":false},"excerpt":{"rendered":"<p>Destination Biarritz D\u00e9couvrez notre \u00e9tablissement pour un s\u00e9jour r\u00e9ussi \u00e0 Biarritz. D\u00e9couvrir notre site Destination anglet Atlanthal ou Les Terrasses ? Nos \u00e9tablissements \u00e0 Anglet n&rsquo;attendent que vous. ANGLET avec h\u00e9bergement 2025 Atlanthal carte des soins 2025 Destination bayonne S\u00e9jour professionnel ou loisir, notre h\u00f4tel \u00e0 Bayonne est pr\u00eat \u00e0 vous accueillir.\u00a0\u00a0 Brochure hotel LE [&hellip;]<\/p>","protected":false},"author":21,"featured_media":0,"parent":0,"menu_order":0,"comment_status":"closed","ping_status":"closed","template":"","meta":{"inline_featured_image":false,"footnotes":""},"class_list":["post-120","page","type-page","status-publish","hentry"],"_links":{"self":[{"href":"https:\/\/belhaco.maintenance.madare.dev\/en\/wp-json\/wp\/v2\/pages\/120","targetHints":{"allow":["GET"]}}],"collection":[{"href":"https:\/\/belhaco.maintenance.madare.dev\/en\/wp-json\/wp\/v2\/pages"}],"about":[{"href":"https:\/\/belhaco.maintenance.madare.dev\/en\/wp-json\/wp\/v2\/types\/page"}],"author":[{"embeddable":true,"href":"https:\/\/belhaco.maintenance.madare.dev\/en\/wp-json\/wp\/v2\/users\/21"}],"replies":[{"embeddable":true,"href":"https:\/\/belhaco.maintenance.madare.dev\/en\/wp-json\/wp\/v2\/comments?post=120"}],"version-history":[{"count":91,"href":"https:\/\/belhaco.maintenance.madare.dev\/en\/wp-json\/wp\/v2\/pages\/120\/revisions"}],"predecessor-version":[{"id":5141,"href":"https:\/\/belhaco.maintenance.madare.dev\/en\/wp-json\/wp\/v2\/pages\/120\/revisions\/5141"}],"wp:attachment":[{"href":"https:\/\/belhaco.maintenance.madare.dev\/en\/wp-json\/wp\/v2\/media?parent=120"}],"curies":[{"name":"wp","href":"https:\/\/api.w.org\/{rel}","templated":true}]}}